{"id":324,"date":"2020-08-07T09:58:44","date_gmt":"2020-08-07T09:58:44","guid":{"rendered":"https:\/\/sktthemesdemo.net\/spa\/?page_id=17"},"modified":"2020-11-09T14:29:02","modified_gmt":"2020-11-09T13:29:02","slug":"about-us","status":"publish","type":"page","link":"https:\/\/www.sahzen.fr\/index.php\/about-us\/","title":{"rendered":"Qui je suis !"},"content":{"rendered":"\t\t<div data-elementor-type=\"wp-page\" data-elementor-id=\"324\" class=\"elementor elementor-324\">\n\t\t\t\t\t\t<section class=\"elementor-section elementor-top-section elementor-element elementor-element-29c3503 home-section1 elementor-section-boxed elementor-section-height-default elementor-section-height-default\" data-id=\"29c3503\" data-element_type=\"section\" data-e-type=\"section\" data-settings=\"{&quot;background_background&quot;:&quot;classic&quot;}\">\n\t\t\t\t\t\t<div class=\"elementor-container elementor-column-gap-extended\">\n\t\t\t\t\t<div class=\"elementor-column elementor-col-50 elementor-top-column elementor-element elementor-element-81b33e5 elementor-invisible\" data-id=\"81b33e5\" data-element_type=\"column\" data-e-type=\"column\" data-settings=\"{&quot;animation&quot;:&quot;zoomIn&quot;,&quot;background_background&quot;:&quot;classic&quot;}\">\n\t\t\t<div class=\"elementor-widget-wrap elementor-element-populated\">\n\t\t\t\t\t\t<div class=\"elementor-element elementor-element-42f0714 elementor-widget elementor-widget-text-editor\" data-id=\"42f0714\" data-element_type=\"widget\" data-e-type=\"widget\" data-widget_type=\"text-editor.default\">\n\t\t\t\t<div class=\"elementor-widget-container\">\n\t\t\t\t\t\t\t\t\t<h2>A la recherche de l&rsquo;harmonie parfaite !<\/h2>\t\t\t\t\t\t\t\t<\/div>\n\t\t\t\t<\/div>\n\t\t\t\t<div class=\"elementor-element elementor-element-1e35bde elementor-widget elementor-widget-text-editor\" data-id=\"1e35bde\" data-element_type=\"widget\" data-e-type=\"widget\" data-widget_type=\"text-editor.default\">\n\t\t\t\t<div class=\"elementor-widget-container\">\n\t\t\t\t\t\t\t\t\t<p style=\"text-align: left;\">D&rsquo;aussi loin que je me souvienne, j&rsquo;ai toujours mass\u00e9.<\/p><p style=\"text-align: left;\">Tr\u00e8s t\u00f4t, j&rsquo;ai compris que je pouvais soulager les gens autour de moi.\u00a0<\/p><p style=\"text-align: left;\">Tout est l\u00e0 !\u00a0<\/p><p style=\"text-align: left;\">Apr\u00e8s une formation d&rsquo;analyste programmeur en informatique je travaille un an puis j&rsquo;effectue plusieurs petits travaux de secr\u00e9tariat en tant que auto-entrepreneur.\u00a0 \u00a0<\/p><p style=\"text-align: left;\">Je choisis d&rsquo;\u00e9lever mes trois enfants et c&rsquo;est en 2012 une fois qu&rsquo;ils deviennent plus autonomes que je me pose la question de ce que je souhaite vraiment faire.\u00a0 \u00a0 \u00a0<\/p><p style=\"text-align: left;\">C&rsquo;est au cours d&rsquo;une conversation avec une amie que l&rsquo;id\u00e9e de m&rsquo;installer en tant que praticienne bien-\u00eatre devient une \u00e9vidence.<\/p><p style=\"text-align: left;\">Commence alors une longue r\u00e9flexion sur les diff\u00e9rents type de massage que je souhaite proposer.<\/p><p style=\"text-align: left;\">Tout est planifi\u00e9, calcul\u00e9, test\u00e9 pour \u00eatre parfait.\u00a0<\/p><p style=\"text-align: left;\">En 2014 je commence ma premi\u00e8re formation \u00e0 l&rsquo;Ayurv\u00e9dique puis j&rsquo;enchaine deux formations par an sur les th\u00e8mes suivants :<\/p><p style=\"text-align: left;\">Su\u00e9dois\/Californien, Pierres chaudes, la r\u00e9flexologie faciale, les soins aux personnes \u00e2g\u00e9es, \u00e0 mobilit\u00e9 r\u00e9duite et alit\u00e9es le sp\u00e9cial minceur et le sportif.\u00a0<\/p><p style=\"text-align: left;\">Tous mes massages sont bas\u00e9s sur le respect et l&rsquo;\u00e9coute , dans un esprit d&rsquo;harmonie et de confiance.\u00a0<\/p><p style=\"text-align: left;\">En 2016 je me concentre sur le lieu : je le veux parfait orient\u00e9 et pens\u00e9 pour la d\u00e9tente.\u00a0 \u00a0<\/p><p style=\"text-align: left;\">Ma mission est de faire en sorte que les personnes ressortent apais\u00e9es, lib\u00e9r\u00e9es, sereines.<\/p><p style=\"text-align: left;\">Pour cela je propose des massages intuitifs et adapt\u00e9s \u00e0 chaque personne femme ou homme, dans un souci de Bien-\u00eatre.\u00a0<\/p><p style=\"text-align: left;\">Selon moi \u00a0\u00a0 <strong><em>\u00ab\u00a0le corps est comme un livre, il raconte une nouvelle histoire \u00e0 chaque massage\u00a0\u00bb<\/em><\/strong>.\u00a0\u00a0<\/p>\t\t\t\t\t\t\t\t<\/div>\n\t\t\t\t<\/div>\n\t\t\t\t<div class=\"elementor-element elementor-element-377eecd elementor-widget elementor-widget-spacer\" data-id=\"377eecd\" data-element_type=\"widget\" data-e-type=\"widget\" data-widget_type=\"spacer.default\">\n\t\t\t\t<div class=\"elementor-widget-container\">\n\t\t\t\t\t\t\t<div class=\"elementor-spacer\">\n\t\t\t<div class=\"elementor-spacer-inner\"><\/div>\n\t\t<\/div>\n\t\t\t\t\t\t<\/div>\n\t\t\t\t<\/div>\n\t\t\t\t\t<\/div>\n\t\t<\/div>\n\t\t\t\t<div class=\"elementor-column elementor-col-25 elementor-top-column elementor-element elementor-element-8af6c62\" data-id=\"8af6c62\" data-element_type=\"column\" data-e-type=\"column\" data-settings=\"{&quot;background_background&quot;:&quot;classic&quot;}\">\n\t\t\t<div class=\"elementor-widget-wrap elementor-element-populated\">\n\t\t\t\t\t\t<section class=\"elementor-section elementor-inner-section elementor-element elementor-element-47971d6 elementor-section-full_width elementor-section-height-default elementor-section-height-default elementor-invisible\" data-id=\"47971d6\" data-element_type=\"section\" data-e-type=\"section\" data-settings=\"{&quot;background_background&quot;:&quot;classic&quot;,&quot;animation&quot;:&quot;fadeInRight&quot;}\">\n\t\t\t\t\t\t<div class=\"elementor-container elementor-column-gap-default\">\n\t\t\t\t\t<div class=\"elementor-column elementor-col-100 elementor-inner-column elementor-element elementor-element-2859b13\" data-id=\"2859b13\" data-element_type=\"column\" data-e-type=\"column\">\n\t\t\t<div class=\"elementor-widget-wrap elementor-element-populated\">\n\t\t\t\t\t\t<div class=\"elementor-element elementor-element-2c7c882 elementor-position-top elementor-widget elementor-widget-image-box\" data-id=\"2c7c882\" data-element_type=\"widget\" data-e-type=\"widget\" data-widget_type=\"image-box.default\">\n\t\t\t\t<div class=\"elementor-widget-container\">\n\t\t\t\t\t<div class=\"elementor-image-box-wrapper\"><figure class=\"elementor-image-box-img\"><img fetchpriority=\"high\" decoding=\"async\" width=\"720\" height=\"723\" src=\"https:\/\/www.sahzen.fr\/wp-content\/uploads\/2020\/11\/FB_IMG_1508688199836.jpg\" class=\"attachment-full size-full wp-image-386\" alt=\"\" srcset=\"https:\/\/www.sahzen.fr\/wp-content\/uploads\/2020\/11\/FB_IMG_1508688199836.jpg 720w, https:\/\/www.sahzen.fr\/wp-content\/uploads\/2020\/11\/FB_IMG_1508688199836-300x300.jpg 300w, https:\/\/www.sahzen.fr\/wp-content\/uploads\/2020\/11\/FB_IMG_1508688199836-150x150.jpg 150w, https:\/\/www.sahzen.fr\/wp-content\/uploads\/2020\/11\/FB_IMG_1508688199836-600x603.jpg 600w, https:\/\/www.sahzen.fr\/wp-content\/uploads\/2020\/11\/FB_IMG_1508688199836-100x100.jpg 100w\" sizes=\"(max-width: 720px) 100vw, 720px\" \/><\/figure><\/div>\t\t\t\t<\/div>\n\t\t\t\t<\/div>\n\t\t\t\t\t<\/div>\n\t\t<\/div>\n\t\t\t\t\t<\/div>\n\t\t<\/section>\n\t\t\t\t<div class=\"elementor-element elementor-element-05ca86f elementor-widget elementor-widget-image\" data-id=\"05ca86f\" data-element_type=\"widget\" data-e-type=\"widget\" data-widget_type=\"image.default\">\n\t\t\t\t<div class=\"elementor-widget-container\">\n\t\t\t\t\t\t\t\t\t\t\t\t\t\t\t<img decoding=\"async\" width=\"300\" height=\"205\" src=\"https:\/\/www.sahzen.fr\/wp-content\/uploads\/2020\/11\/deontologie2-300x205.jpg\" class=\"attachment-medium size-medium wp-image-379\" alt=\"\" srcset=\"https:\/\/www.sahzen.fr\/wp-content\/uploads\/2020\/11\/deontologie2-300x205.jpg 300w, https:\/\/www.sahzen.fr\/wp-content\/uploads\/2020\/11\/deontologie2-1024x700.jpg 1024w, https:\/\/www.sahzen.fr\/wp-content\/uploads\/2020\/11\/deontologie2-768x525.jpg 768w, https:\/\/www.sahzen.fr\/wp-content\/uploads\/2020\/11\/deontologie2-600x410.jpg 600w, https:\/\/www.sahzen.fr\/wp-content\/uploads\/2020\/11\/deontologie2.jpg 1279w\" sizes=\"(max-width: 300px) 100vw, 300px\" \/>\t\t\t\t\t\t\t\t\t\t\t\t\t\t\t<\/div>\n\t\t\t\t<\/div>\n\t\t\t\t<div class=\"elementor-element elementor-element-36c4aee elementor-widget elementor-widget-image\" data-id=\"36c4aee\" data-element_type=\"widget\" data-e-type=\"widget\" data-widget_type=\"image.default\">\n\t\t\t\t<div class=\"elementor-widget-container\">\n\t\t\t\t\t\t\t\t\t\t\t\t\t\t\t<img decoding=\"async\" width=\"300\" height=\"206\" src=\"https:\/\/www.sahzen.fr\/wp-content\/uploads\/2020\/11\/ayurvedique2-300x206.jpg\" class=\"attachment-medium size-medium wp-image-378\" alt=\"\" srcset=\"https:\/\/www.sahzen.fr\/wp-content\/uploads\/2020\/11\/ayurvedique2-300x206.jpg 300w, https:\/\/www.sahzen.fr\/wp-content\/uploads\/2020\/11\/ayurvedique2-1024x705.jpg 1024w, https:\/\/www.sahzen.fr\/wp-content\/uploads\/2020\/11\/ayurvedique2-768x528.jpg 768w, https:\/\/www.sahzen.fr\/wp-content\/uploads\/2020\/11\/ayurvedique2-600x413.jpg 600w, https:\/\/www.sahzen.fr\/wp-content\/uploads\/2020\/11\/ayurvedique2.jpg 1279w\" sizes=\"(max-width: 300px) 100vw, 300px\" \/>\t\t\t\t\t\t\t\t\t\t\t\t\t\t\t<\/div>\n\t\t\t\t<\/div>\n\t\t\t\t<div class=\"elementor-element elementor-element-ec06159 elementor-widget elementor-widget-image\" data-id=\"ec06159\" data-element_type=\"widget\" data-e-type=\"widget\" data-widget_type=\"image.default\">\n\t\t\t\t<div class=\"elementor-widget-container\">\n\t\t\t\t\t\t\t\t\t\t\t\t\t\t\t<img loading=\"lazy\" decoding=\"async\" width=\"300\" height=\"200\" src=\"https:\/\/www.sahzen.fr\/wp-content\/uploads\/2020\/11\/aliees2-300x200.jpg\" class=\"attachment-medium size-medium wp-image-377\" alt=\"\" srcset=\"https:\/\/www.sahzen.fr\/wp-content\/uploads\/2020\/11\/aliees2-300x200.jpg 300w, https:\/\/www.sahzen.fr\/wp-content\/uploads\/2020\/11\/aliees2-1024x684.jpg 1024w, https:\/\/www.sahzen.fr\/wp-content\/uploads\/2020\/11\/aliees2-768x513.jpg 768w, https:\/\/www.sahzen.fr\/wp-content\/uploads\/2020\/11\/aliees2-600x401.jpg 600w, https:\/\/www.sahzen.fr\/wp-content\/uploads\/2020\/11\/aliees2.jpg 1279w\" sizes=\"(max-width: 300px) 100vw, 300px\" \/>\t\t\t\t\t\t\t\t\t\t\t\t\t\t\t<\/div>\n\t\t\t\t<\/div>\n\t\t\t\t<div class=\"elementor-element elementor-element-74e41af elementor-widget elementor-widget-image\" data-id=\"74e41af\" data-element_type=\"widget\" data-e-type=\"widget\" data-widget_type=\"image.default\">\n\t\t\t\t<div class=\"elementor-widget-container\">\n\t\t\t\t\t\t\t\t\t\t\t\t\t\t\t<img loading=\"lazy\" decoding=\"async\" width=\"300\" height=\"211\" src=\"https:\/\/www.sahzen.fr\/wp-content\/uploads\/2020\/11\/agee2-300x211.jpg\" class=\"attachment-medium size-medium wp-image-376\" alt=\"\" srcset=\"https:\/\/www.sahzen.fr\/wp-content\/uploads\/2020\/11\/agee2-300x211.jpg 300w, https:\/\/www.sahzen.fr\/wp-content\/uploads\/2020\/11\/agee2-1024x719.jpg 1024w, https:\/\/www.sahzen.fr\/wp-content\/uploads\/2020\/11\/agee2-768x539.jpg 768w, https:\/\/www.sahzen.fr\/wp-content\/uploads\/2020\/11\/agee2-600x421.jpg 600w, https:\/\/www.sahzen.fr\/wp-content\/uploads\/2020\/11\/agee2.jpg 1279w\" sizes=\"(max-width: 300px) 100vw, 300px\" \/>\t\t\t\t\t\t\t\t\t\t\t\t\t\t\t<\/div>\n\t\t\t\t<\/div>\n\t\t\t\t\t<\/div>\n\t\t<\/div>\n\t\t\t\t<div class=\"elementor-column elementor-col-25 elementor-top-column elementor-element elementor-element-afe780e\" data-id=\"afe780e\" data-element_type=\"column\" data-e-type=\"column\" data-settings=\"{&quot;background_background&quot;:&quot;classic&quot;}\">\n\t\t\t<div class=\"elementor-widget-wrap elementor-element-populated\">\n\t\t\t\t\t\t<div class=\"elementor-element elementor-element-914bb15 elementor-widget elementor-widget-image\" data-id=\"914bb15\" data-element_type=\"widget\" data-e-type=\"widget\" data-widget_type=\"image.default\">\n\t\t\t\t<div class=\"elementor-widget-container\">\n\t\t\t\t\t\t\t\t\t\t\t\t\t\t\t<img loading=\"lazy\" decoding=\"async\" width=\"300\" height=\"214\" src=\"https:\/\/www.sahzen.fr\/wp-content\/uploads\/2020\/11\/suedois-californien-2-300x214.png\" class=\"attachment-medium size-medium wp-image-384\" alt=\"\" srcset=\"https:\/\/www.sahzen.fr\/wp-content\/uploads\/2020\/11\/suedois-californien-2-300x214.png 300w, https:\/\/www.sahzen.fr\/wp-content\/uploads\/2020\/11\/suedois-californien-2-1024x730.png 1024w, https:\/\/www.sahzen.fr\/wp-content\/uploads\/2020\/11\/suedois-californien-2-768x547.png 768w, https:\/\/www.sahzen.fr\/wp-content\/uploads\/2020\/11\/suedois-californien-2-600x428.png 600w, https:\/\/www.sahzen.fr\/wp-content\/uploads\/2020\/11\/suedois-californien-2.png 1280w\" sizes=\"(max-width: 300px) 100vw, 300px\" \/>\t\t\t\t\t\t\t\t\t\t\t\t\t\t\t<\/div>\n\t\t\t\t<\/div>\n\t\t\t\t<div class=\"elementor-element elementor-element-04d38e2 elementor-widget elementor-widget-image\" data-id=\"04d38e2\" data-element_type=\"widget\" data-e-type=\"widget\" data-widget_type=\"image.default\">\n\t\t\t\t<div class=\"elementor-widget-container\">\n\t\t\t\t\t\t\t\t\t\t\t\t\t\t\t<img loading=\"lazy\" decoding=\"async\" width=\"300\" height=\"211\" src=\"https:\/\/www.sahzen.fr\/wp-content\/uploads\/2020\/11\/sportif2-300x211.jpg\" class=\"attachment-medium size-medium wp-image-383\" alt=\"\" srcset=\"https:\/\/www.sahzen.fr\/wp-content\/uploads\/2020\/11\/sportif2-300x211.jpg 300w, https:\/\/www.sahzen.fr\/wp-content\/uploads\/2020\/11\/sportif2-1024x719.jpg 1024w, https:\/\/www.sahzen.fr\/wp-content\/uploads\/2020\/11\/sportif2-768x539.jpg 768w, https:\/\/www.sahzen.fr\/wp-content\/uploads\/2020\/11\/sportif2-600x421.jpg 600w, https:\/\/www.sahzen.fr\/wp-content\/uploads\/2020\/11\/sportif2.jpg 1279w\" sizes=\"(max-width: 300px) 100vw, 300px\" \/>\t\t\t\t\t\t\t\t\t\t\t\t\t\t\t<\/div>\n\t\t\t\t<\/div>\n\t\t\t\t<div class=\"elementor-element elementor-element-34662d5 elementor-widget elementor-widget-image\" data-id=\"34662d5\" data-element_type=\"widget\" data-e-type=\"widget\" data-widget_type=\"image.default\">\n\t\t\t\t<div class=\"elementor-widget-container\">\n\t\t\t\t\t\t\t\t\t\t\t\t\t\t\t<img loading=\"lazy\" decoding=\"async\" width=\"300\" height=\"211\" src=\"https:\/\/www.sahzen.fr\/wp-content\/uploads\/2020\/11\/reflexo2-300x211.jpg\" class=\"attachment-medium size-medium wp-image-382\" alt=\"\" srcset=\"https:\/\/www.sahzen.fr\/wp-content\/uploads\/2020\/11\/reflexo2-300x211.jpg 300w, https:\/\/www.sahzen.fr\/wp-content\/uploads\/2020\/11\/reflexo2-1024x720.jpg 1024w, https:\/\/www.sahzen.fr\/wp-content\/uploads\/2020\/11\/reflexo2-768x540.jpg 768w, https:\/\/www.sahzen.fr\/wp-content\/uploads\/2020\/11\/reflexo2-600x422.jpg 600w, https:\/\/www.sahzen.fr\/wp-content\/uploads\/2020\/11\/reflexo2.jpg 1279w\" sizes=\"(max-width: 300px) 100vw, 300px\" \/>\t\t\t\t\t\t\t\t\t\t\t\t\t\t\t<\/div>\n\t\t\t\t<\/div>\n\t\t\t\t<div class=\"elementor-element elementor-element-638320f elementor-widget elementor-widget-image\" data-id=\"638320f\" data-element_type=\"widget\" data-e-type=\"widget\" data-widget_type=\"image.default\">\n\t\t\t\t<div class=\"elementor-widget-container\">\n\t\t\t\t\t\t\t\t\t\t\t\t\t\t\t<img loading=\"lazy\" decoding=\"async\" width=\"300\" height=\"213\" src=\"https:\/\/www.sahzen.fr\/wp-content\/uploads\/2020\/11\/pierres2-300x213.jpg\" class=\"attachment-medium size-medium wp-image-381\" alt=\"\" srcset=\"https:\/\/www.sahzen.fr\/wp-content\/uploads\/2020\/11\/pierres2-300x213.jpg 300w, https:\/\/www.sahzen.fr\/wp-content\/uploads\/2020\/11\/pierres2-1024x726.jpg 1024w, https:\/\/www.sahzen.fr\/wp-content\/uploads\/2020\/11\/pierres2-768x545.jpg 768w, https:\/\/www.sahzen.fr\/wp-content\/uploads\/2020\/11\/pierres2-600x425.jpg 600w, https:\/\/www.sahzen.fr\/wp-content\/uploads\/2020\/11\/pierres2.jpg 1279w\" sizes=\"(max-width: 300px) 100vw, 300px\" \/>\t\t\t\t\t\t\t\t\t\t\t\t\t\t\t<\/div>\n\t\t\t\t<\/div>\n\t\t\t\t<div class=\"elementor-element elementor-element-7eb8918 elementor-widget elementor-widget-image\" data-id=\"7eb8918\" data-element_type=\"widget\" data-e-type=\"widget\" data-widget_type=\"image.default\">\n\t\t\t\t<div class=\"elementor-widget-container\">\n\t\t\t\t\t\t\t\t\t\t\t\t\t\t\t<img loading=\"lazy\" decoding=\"async\" width=\"300\" height=\"204\" src=\"https:\/\/www.sahzen.fr\/wp-content\/uploads\/2020\/11\/minceur2-300x204.jpg\" class=\"attachment-medium size-medium wp-image-380\" alt=\"\" srcset=\"https:\/\/www.sahzen.fr\/wp-content\/uploads\/2020\/11\/minceur2-300x204.jpg 300w, https:\/\/www.sahzen.fr\/wp-content\/uploads\/2020\/11\/minceur2-1024x696.jpg 1024w, https:\/\/www.sahzen.fr\/wp-content\/uploads\/2020\/11\/minceur2-768x522.jpg 768w, https:\/\/www.sahzen.fr\/wp-content\/uploads\/2020\/11\/minceur2-400x270.jpg 400w, https:\/\/www.sahzen.fr\/wp-content\/uploads\/2020\/11\/minceur2-600x408.jpg 600w, https:\/\/www.sahzen.fr\/wp-content\/uploads\/2020\/11\/minceur2.jpg 1279w\" sizes=\"(max-width: 300px) 100vw, 300px\" \/>\t\t\t\t\t\t\t\t\t\t\t\t\t\t\t<\/div>\n\t\t\t\t<\/div>\n\t\t\t\t\t<\/div>\n\t\t<\/div>\n\t\t\t\t\t<\/div>\n\t\t<\/section>\n\t\t\t\t<\/div>\n\t\t","protected":false},"excerpt":{"rendered":"<p>A la recherche de l&rsquo;harmonie parfaite ! D&rsquo;aussi loin que je me souvienne, j&rsquo;ai toujours mass\u00e9. Tr\u00e8s t\u00f4t, j&rsquo;ai compris que je pouvais soulager les gens autour de moi.\u00a0 Tout est l\u00e0 !\u00a0 Apr\u00e8s une formation d&rsquo;analyste programmeur en informatique je travaille un an puis j&rsquo;effectue plusieurs petits travaux de secr\u00e9tariat en tant que auto-entrepreneur.\u00a0<br \/><a class=\"moretag\" href=\"https:\/\/www.sahzen.fr\/index.php\/about-us\/\">+ Read More<\/a><\/p>\n","protected":false},"author":1,"featured_media":0,"parent":0,"menu_order":0,"comment_status":"closed","ping_status":"closed","template":"templates\/page-builder.php","meta":{"footnotes":""},"class_list":["post-324","page","type-page","status-publish","hentry"],"jetpack_sharing_enabled":true,"_links":{"self":[{"href":"https:\/\/www.sahzen.fr\/index.php\/wp-json\/wp\/v2\/pages\/324","targetHints":{"allow":["GET"]}}],"collection":[{"href":"https:\/\/www.sahzen.fr\/index.php\/wp-json\/wp\/v2\/pages"}],"about":[{"href":"https:\/\/www.sahzen.fr\/index.php\/wp-json\/wp\/v2\/types\/page"}],"author":[{"embeddable":true,"href":"https:\/\/www.sahzen.fr\/index.php\/wp-json\/wp\/v2\/users\/1"}],"replies":[{"embeddable":true,"href":"https:\/\/www.sahzen.fr\/index.php\/wp-json\/wp\/v2\/comments?post=324"}],"version-history":[{"count":22,"href":"https:\/\/www.sahzen.fr\/index.php\/wp-json\/wp\/v2\/pages\/324\/revisions"}],"predecessor-version":[{"id":890,"href":"https:\/\/www.sahzen.fr\/index.php\/wp-json\/wp\/v2\/pages\/324\/revisions\/890"}],"wp:attachment":[{"href":"https:\/\/www.sahzen.fr\/index.php\/wp-json\/wp\/v2\/media?parent=324"}],"curies":[{"name":"wp","href":"https:\/\/api.w.org\/{rel}","templated":true}]}}